{"id":1316,"date":"2023-11-27T17:36:01","date_gmt":"2023-11-27T17:36:01","guid":{"rendered":"https:\/\/skiarealhranice.cz\/ski-snb-schools-rentals-and-service\/"},"modified":"2024-12-21T08:04:34","modified_gmt":"2024-12-21T08:04:34","slug":"ski-snb-schools-rentals-and-service","status":"publish","type":"page","link":"https:\/\/skiarealhranice.cz\/en\/ski-snb-schools-rentals-and-service","title":{"rendered":"Ski \/ snb schools, rentals and service"},"content":{"rendered":"\t\t<div data-elementor-type=\"wp-page\" data-elementor-id=\"1316\" class=\"elementor elementor-1316 elementor-486\">\n\t\t\t\t<div class=\"elementor-element elementor-element-f0618fe e-flex e-con-boxed e-con e-parent\" data-id=\"f0618fe\" data-element_type=\"container\" data-settings=\"{&quot;background_background&quot;:&quot;classic&quot;}\">\n\t\t\t\t\t<div class=\"e-con-inner\">\n\t\t\t\t<div class=\"elementor-element elementor-element-0fa5e70 elementor-widget elementor-widget-heading\" data-id=\"0fa5e70\" data-element_type=\"widget\" data-widget_type=\"heading.default\">\n\t\t\t\t<div class=\"elementor-widget-container\">\n\t\t\t\t\t<h2 class=\"elementor-heading-title elementor-size-default\">Schools, rental and service<\/h2>\t\t\t\t<\/div>\n\t\t\t\t<\/div>\n\t\t\t\t\t<\/div>\n\t\t\t\t<\/div>\n\t\t<div class=\"elementor-element elementor-element-e85c2ef e-flex e-con-boxed e-con e-parent\" data-id=\"e85c2ef\" data-element_type=\"container\">\n\t\t\t\t\t<div class=\"e-con-inner\">\n\t\t<div class=\"elementor-element elementor-element-92c8558 e-con-full e-flex e-con e-child\" data-id=\"92c8558\" data-element_type=\"container\">\n\t\t\t\t<div class=\"elementor-element elementor-element-be6415b elementor-widget elementor-widget-image\" data-id=\"be6415b\" data-element_type=\"widget\" data-widget_type=\"image.default\">\n\t\t\t\t<div class=\"elementor-widget-container\">\n\t\t\t\t\t\t\t\t\t\t\t\t\t\t\t<img fetchpriority=\"high\" decoding=\"async\" width=\"300\" height=\"346\" src=\"https:\/\/storage-prg1.zerops.io\/4gddx-storage\/skiareal\/uploads\/2024\/12\/Yetti_Logo_Verze.webp\" class=\"attachment-large size-large wp-image-2076\" alt=\"\" srcset=\"https:\/\/storage-prg1.zerops.io\/4gddx-storage\/skiareal\/uploads\/2024\/12\/Yetti_Logo_Verze.webp 300w, https:\/\/storage-prg1.zerops.io\/4gddx-storage\/skiareal\/uploads\/2024\/12\/Yetti_Logo_Verze-260x300.webp 260w\" sizes=\"(max-width: 300px) 100vw, 300px\" \/>\t\t\t\t\t\t\t\t\t\t\t\t\t\t\t<\/div>\n\t\t\t\t<\/div>\n\t\t\t\t<div class=\"elementor-element elementor-element-0ff9ecf elementor-widget elementor-widget-text-editor\" data-id=\"0ff9ecf\" data-element_type=\"widget\" data-widget_type=\"text-editor.default\">\n\t\t\t\t<div class=\"elementor-widget-container\">\n\t\t\t\t\t\t\t\t\t<h2>Yettischool<\/h2>\n<p>Snowboard and ski school directly in the area of Hranice, you can find us at the children&#8217;s passport. We teach beginners, but we can also help more experienced skiers or snowboarders to improve their skiing technique. We also offer freestyle lessons.  <\/p>\n<p>Web: <a href=\"https:\/\/www.yettischool.cz\">www.yettischool.cz<\/a><\/p>\n<p>Telefon: <a href=\"tel:+420720989279\">+420720989279<\/a><\/p>\n<p>Email: <a href=\"mailto:skola@yettischool.cz\">skola@yettischool.cz<\/a><\/p><\/p>\n\t\t\t\t\t\t\t\t<\/div>\n\t\t\t\t<\/div>\n\t\t\t\t<div class=\"elementor-element elementor-element-ee342c6 elementor-widget elementor-widget-google_maps\" data-id=\"ee342c6\" data-element_type=\"widget\" data-widget_type=\"google_maps.default\">\n\t\t\t\t<div class=\"elementor-widget-container\">\n\t\t\t\t\t\t\t<div class=\"elementor-custom-embed\">\n\t\t\t<iframe loading=\"lazy\"\n\t\t\t\t\tsrc=\"https:\/\/maps.google.com\/maps?q=Bo%C5%BE%C3%AD%20Dar%2058%2C%20362%2062%20Bo%C5%BE%C3%AD%20Dar&#038;t=m&#038;z=16&#038;output=embed&#038;iwloc=near\"\n\t\t\t\t\ttitle=\"Bo\u017e\u00ed Dar 58, 362 62 Bo\u017e\u00ed Dar\"\n\t\t\t\t\taria-label=\"Bo\u017e\u00ed Dar 58, 362 62 Bo\u017e\u00ed Dar\"\n\t\t\t><\/iframe>\n\t\t<\/div>\n\t\t\t\t\t\t<\/div>\n\t\t\t\t<\/div>\n\t\t\t\t<\/div>\n\t\t<div class=\"elementor-element elementor-element-1587215 e-con-full e-flex e-con e-child\" data-id=\"1587215\" data-element_type=\"container\">\n\t\t\t\t<div class=\"elementor-element elementor-element-1d21e36 elementor-widget elementor-widget-image\" data-id=\"1d21e36\" data-element_type=\"widget\" data-widget_type=\"image.default\">\n\t\t\t\t<div class=\"elementor-widget-container\">\n\t\t\t\t\t\t\t\t\t\t\t\t\t\t\t<img fetchpriority=\"high\" decoding=\"async\" width=\"300\" height=\"346\" src=\"https:\/\/storage-prg1.zerops.io\/4gddx-storage\/skiareal\/uploads\/2024\/12\/Yetti_Logo_Verze.webp\" class=\"attachment-large size-large wp-image-2076\" alt=\"\" srcset=\"https:\/\/storage-prg1.zerops.io\/4gddx-storage\/skiareal\/uploads\/2024\/12\/Yetti_Logo_Verze.webp 300w, https:\/\/storage-prg1.zerops.io\/4gddx-storage\/skiareal\/uploads\/2024\/12\/Yetti_Logo_Verze-260x300.webp 260w\" sizes=\"(max-width: 300px) 100vw, 300px\" \/>\t\t\t\t\t\t\t\t\t\t\t\t\t\t\t<\/div>\n\t\t\t\t<\/div>\n\t\t\t\t<div class=\"elementor-element elementor-element-f1a063f elementor-widget elementor-widget-text-editor\" data-id=\"f1a063f\" data-element_type=\"widget\" data-widget_type=\"text-editor.default\">\n\t\t\t\t<div class=\"elementor-widget-container\">\n\t\t\t\t\t\t\t\t\t<h2>Rental\/service<\/h2>\n<p>Winter equipment rental just a few steps from the ski resort Hranice. Here you will find quality skis and snowboards from Burton. You can also rent goggles and sledges. Accessories such as hats and gloves are available for sale.   <\/p>\n<p>Web: <a href=\"https:\/\/yettiride.cz\">www.yettiride.cz<\/a><br \/>Tel: +420 774 863 235, 777863236<br \/>E-mail: <a href=\"mailto:info@yettiride.cz\">info@yettiride.cz<\/a><br \/>Adress : Bo\u017e\u00ed Dar 58, 362 62 Bo\u017e\u00ed Dar<\/p>\n<p>You can book your equipment online in advance! <a href=\"https:\/\/zima.yettiride.cz\/rezervace-pujcovna\/\">https:\/\/zima.yettiride.cz\/rezervace-pujcovna\/<\/a><\/p>\n\t\t\t\t\t\t\t\t<\/div>\n\t\t\t\t<\/div>\n\t\t\t\t<div class=\"elementor-element elementor-element-c5c7c65 elementor-widget elementor-widget-google_maps\" data-id=\"c5c7c65\" data-element_type=\"widget\" data-widget_type=\"google_maps.default\">\n\t\t\t\t<div class=\"elementor-widget-container\">\n\t\t\t\t\t\t\t<div class=\"elementor-custom-embed\">\n\t\t\t<iframe loading=\"lazy\"\n\t\t\t\t\tsrc=\"https:\/\/maps.google.com\/maps?q=Bo%C5%BE%C3%AD%20Dar%2058%2C%20362%2062%20Bo%C5%BE%C3%AD%20Dar&#038;t=m&#038;z=16&#038;output=embed&#038;iwloc=near\"\n\t\t\t\t\ttitle=\"Bo\u017e\u00ed Dar 58, 362 62 Bo\u017e\u00ed Dar\"\n\t\t\t\t\taria-label=\"Bo\u017e\u00ed Dar 58, 362 62 Bo\u017e\u00ed Dar\"\n\t\t\t><\/iframe>\n\t\t<\/div>\n\t\t\t\t\t\t<\/div>\n\t\t\t\t<\/div>\n\t\t\t\t<\/div>\n\t\t\t\t\t<\/div>\n\t\t\t\t<\/div>\n\t\t\t\t<\/div>\n\t\t","protected":false},"excerpt":{"rendered":"<p>Schools, rental and service Yettischool Snowboard and ski school directly in the area of Hranice, you can find us at the children&#8217;s passport. We teach beginners, but we can also help more experienced skiers or snowboarders to improve their skiing technique. We also offer freestyle lessons. Web: www.yettischool.cz Telefon: +420720989279 Email: skola@yettischool.cz Rental\/service Winter equipment [&hellip;]<\/p>\n","protected":false},"author":1,"featured_media":0,"parent":0,"menu_order":0,"comment_status":"closed","ping_status":"closed","template":"","meta":{"site-sidebar-layout":"no-sidebar","site-content-layout":"","ast-site-content-layout":"full-width-container","site-content-style":"default","site-sidebar-style":"default","ast-global-header-display":"","ast-banner-title-visibility":"","ast-main-header-display":"","ast-hfb-above-header-display":"","ast-hfb-below-header-display":"","ast-hfb-mobile-header-display":"","site-post-title":"disabled","ast-breadcrumbs-content":"","ast-featured-img":"disabled","footer-sml-layout":"","ast-disable-related-posts":"","theme-transparent-header-meta":"","adv-header-id-meta":"","stick-header-meta":"","header-above-stick-meta":"","header-main-stick-meta":"","header-below-stick-meta":"","astra-migrate-meta-layouts":"default","ast-page-background-enabled":"default","ast-page-background-meta":{"desktop":{"background-color":"var(--ast-global-color-4)","background-image":"","background-repeat":"repeat","background-position":"center center","background-size":"auto","background-attachment":"scroll","background-type":"","background-media":"","overlay-type":"","overlay-color":"","overlay-opacity":"","overlay-gradient":""},"tablet":{"background-color":"","background-image":"","background-repeat":"repeat","background-position":"center center","background-size":"auto","background-attachment":"scroll","background-type":"","background-media":"","overlay-type":"","overlay-color":"","overlay-opacity":"","overlay-gradient":""},"mobile":{"background-color":"","background-image":"","background-repeat":"repeat","background-position":"center center","background-size":"auto","background-attachment":"scroll","background-type":"","background-media":"","overlay-type":"","overlay-color":"","overlay-opacity":"","overlay-gradient":""}},"ast-content-background-meta":{"desktop":{"background-color":"var(--ast-global-color-5)","background-image":"","background-repeat":"repeat","background-position":"center center","background-size":"auto","background-attachment":"scroll","background-type":"","background-media":"","overlay-type":"","overlay-color":"","overlay-opacity":"","overlay-gradient":""},"tablet":{"background-color":"var(--ast-global-color-5)","background-image":"","background-repeat":"repeat","background-position":"center center","background-size":"auto","background-attachment":"scroll","background-type":"","background-media":"","overlay-type":"","overlay-color":"","overlay-opacity":"","overlay-gradient":""},"mobile":{"background-color":"var(--ast-global-color-5)","background-image":"","background-repeat":"repeat","background-position":"center center","background-size":"auto","background-attachment":"scroll","background-type":"","background-media":"","overlay-type":"","overlay-color":"","overlay-opacity":"","overlay-gradient":""}},"footnotes":""},"class_list":["post-1316","page","type-page","status-publish","hentry"],"_links":{"self":[{"href":"https:\/\/skiarealhranice.cz\/en\/wp-json\/wp\/v2\/pages\/1316","targetHints":{"allow":["GET"]}}],"collection":[{"href":"https:\/\/skiarealhranice.cz\/en\/wp-json\/wp\/v2\/pages"}],"about":[{"href":"https:\/\/skiarealhranice.cz\/en\/wp-json\/wp\/v2\/types\/page"}],"author":[{"embeddable":true,"href":"https:\/\/skiarealhranice.cz\/en\/wp-json\/wp\/v2\/users\/1"}],"replies":[{"embeddable":true,"href":"https:\/\/skiarealhranice.cz\/en\/wp-json\/wp\/v2\/comments?post=1316"}],"version-history":[{"count":10,"href":"https:\/\/skiarealhranice.cz\/en\/wp-json\/wp\/v2\/pages\/1316\/revisions"}],"predecessor-version":[{"id":2094,"href":"https:\/\/skiarealhranice.cz\/en\/wp-json\/wp\/v2\/pages\/1316\/revisions\/2094"}],"wp:attachment":[{"href":"https:\/\/skiarealhranice.cz\/en\/wp-json\/wp\/v2\/media?parent=1316"}],"curies":[{"name":"wp","href":"https:\/\/api.w.org\/{rel}","templated":true}]}}