{"id":1343,"date":"2023-11-26T14:34:56","date_gmt":"2023-11-26T14:34:56","guid":{"rendered":"https:\/\/skiarealhranice.cz\/kontakt\/"},"modified":"2024-01-29T18:03:16","modified_gmt":"2024-01-29T18:03:16","slug":"kontakt","status":"publish","type":"page","link":"https:\/\/skiarealhranice.cz\/de\/kontakt","title":{"rendered":"Kontakt"},"content":{"rendered":"\t\t<div data-elementor-type=\"wp-page\" data-elementor-id=\"1343\" class=\"elementor elementor-1343 elementor-415\">\n\t\t\t\t<div class=\"elementor-element elementor-element-263fe57 e-flex e-con-boxed e-con e-parent\" data-id=\"263fe57\" data-element_type=\"container\" data-settings=\"{&quot;background_background&quot;:&quot;classic&quot;}\">\n\t\t\t\t\t<div class=\"e-con-inner\">\n\t\t\t\t<div class=\"elementor-element elementor-element-b21f0a7 elementor-widget elementor-widget-heading\" data-id=\"b21f0a7\" data-element_type=\"widget\" data-widget_type=\"heading.default\">\n\t\t\t\t<div class=\"elementor-widget-container\">\n\t\t\t\t\t<h2 class=\"elementor-heading-title elementor-size-default\">Kontakt<\/h2>\t\t\t\t<\/div>\n\t\t\t\t<\/div>\n\t\t\t\t\t<\/div>\n\t\t\t\t<\/div>\n\t\t<div class=\"elementor-element elementor-element-5f0be8c e-flex e-con-boxed e-con e-parent\" data-id=\"5f0be8c\" data-element_type=\"container\">\n\t\t\t\t\t<div class=\"e-con-inner\">\n\t\t<div class=\"elementor-element elementor-element-0795cda e-con-full e-flex e-con e-child\" data-id=\"0795cda\" data-element_type=\"container\">\n\t\t\t\t<div class=\"elementor-element elementor-element-ee3222d elementor-widget elementor-widget-heading\" data-id=\"ee3222d\" data-element_type=\"widget\" data-widget_type=\"heading.default\">\n\t\t\t\t<div class=\"elementor-widget-container\">\n\t\t\t\t\t<h2 class=\"elementor-heading-title elementor-size-default\">Informationen  <\/h2>\t\t\t\t<\/div>\n\t\t\t\t<\/div>\n\t\t\t\t<div class=\"elementor-element elementor-element-78bc510 elementor-widget elementor-widget-text-editor\" data-id=\"78bc510\" data-element_type=\"widget\" data-widget_type=\"text-editor.default\">\n\t\t\t\t<div class=\"elementor-widget-container\">\n\t\t\t\t\t\t\t\t\t<p><strong>Informationszentrum Bo\u017e\u00ed Dar<\/strong><\/p>\n<p>Betriebszeiten:<\/p>\n<p>T\u00e4glich von 8:00-12:30 und 13:30-18:00<\/p>\n<p>Vollst\u00e4ndiger Informationsdienst &#8211; Preise, Betrieb, Veranstaltungen usw.<\/p>\n<p>Tel: +420 603 539 020, +420 353 815 108<\/p>\n<p>E-Mail: <a href=\"mailto:info@bozidar.cz\">info@bozidar.cz<\/a><\/p>\n\t\t\t\t\t\t\t\t<\/div>\n\t\t\t\t<\/div>\n\t\t\t\t<\/div>\n\t\t<div class=\"elementor-element elementor-element-1a71ca8 e-con-full e-flex e-con e-child\" data-id=\"1a71ca8\" data-element_type=\"container\">\n\t\t\t\t<div class=\"elementor-element elementor-element-d8b3147 elementor-widget elementor-widget-heading\" data-id=\"d8b3147\" data-element_type=\"widget\" data-widget_type=\"heading.default\">\n\t\t\t\t<div class=\"elementor-widget-container\">\n\t\t\t\t\t<h2 class=\"elementor-heading-title elementor-size-default\">Kasse<\/h2>\t\t\t\t<\/div>\n\t\t\t\t<\/div>\n\t\t\t\t<div class=\"elementor-element elementor-element-4c96489 elementor-widget elementor-widget-text-editor\" data-id=\"4c96489\" data-element_type=\"widget\" data-widget_type=\"text-editor.default\">\n\t\t\t\t<div class=\"elementor-widget-container\">\n\t\t\t\t\t\t\t\t\t<p><strong>Skigebiet Hranice<\/strong><\/p>\n<p>Telefonkassa: +420 602 193 719<\/p><\/p>\n\t\t\t\t\t\t\t\t<\/div>\n\t\t\t\t<\/div>\n\t\t\t\t<div class=\"elementor-element elementor-element-d6855ba elementor-widget elementor-widget-heading\" data-id=\"d6855ba\" data-element_type=\"widget\" data-widget_type=\"heading.default\">\n\t\t\t\t<div class=\"elementor-widget-container\">\n\t\t\t\t\t<h2 class=\"elementor-heading-title elementor-size-default\">E-Mails<\/h2>\t\t\t\t<\/div>\n\t\t\t\t<\/div>\n\t\t\t\t<div class=\"elementor-element elementor-element-a52fbbd elementor-widget elementor-widget-text-editor\" data-id=\"a52fbbd\" data-element_type=\"widget\" data-widget_type=\"text-editor.default\">\n\t\t\t\t<div class=\"elementor-widget-container\">\n\t\t\t\t\t\t\t\t\t<p><a href=\"mailto:info@skiarealhranice.cz\">info@skiarealhranice.cz<\/a><\/p>\n<p><a href=\"mailto:info@skiarealbozidar.cz\">info@skiarealbozidar.cz<\/a><\/p>\n\t\t\t\t\t\t\t\t<\/div>\n\t\t\t\t<\/div>\n\t\t\t\t<\/div>\n\t\t<div class=\"elementor-element elementor-element-7e582cc e-con-full e-flex e-con e-child\" data-id=\"7e582cc\" data-element_type=\"container\">\n\t\t\t\t<div class=\"elementor-element elementor-element-263bf1e elementor-widget elementor-widget-heading\" data-id=\"263bf1e\" data-element_type=\"widget\" data-widget_type=\"heading.default\">\n\t\t\t\t<div class=\"elementor-widget-container\">\n\t\t\t\t\t<h2 class=\"elementor-heading-title elementor-size-default\">Betreiber<\/h2>\t\t\t\t<\/div>\n\t\t\t\t<\/div>\n\t\t\t\t<div class=\"elementor-element elementor-element-768aa10 elementor-widget elementor-widget-text-editor\" data-id=\"768aa10\" data-element_type=\"widget\" data-widget_type=\"text-editor.default\">\n\t\t\t\t<div class=\"elementor-widget-container\">\n\t\t\t\t\t\t\t\t\t<p><strong>Skigebiet Hranice<\/strong><\/p>\n<p>Ing. Anton Jurica<\/p>\n<p>Bo\u017e\u00ed Dar 176, 362 62 Bo\u017e\u00ed Dar<\/p>\n<p>ID: 11364343<\/p><\/p>\n\t\t\t\t\t\t\t\t<\/div>\n\t\t\t\t<\/div>\n\t\t\t\t<\/div>\n\t\t\t\t\t<\/div>\n\t\t\t\t<\/div>\n\t\t\t\t<\/div>\n\t\t","protected":false},"excerpt":{"rendered":"<p>Kontakt Informationen Informationszentrum Bo\u017e\u00ed Dar Betriebszeiten: T\u00e4glich von 8:00-12:30 und 13:30-18:00 Vollst\u00e4ndiger Informationsdienst &#8211; Preise, Betrieb, Veranstaltungen usw. Tel: +420 603 539 020, +420 353 815 108 E-Mail: info@bozidar.cz Kasse Skigebiet Hranice Telefonkassa: +420 602 193 719 E-Mails info@skiarealhranice.cz info@skiarealbozidar.cz Betreiber Skigebiet Hranice Ing. Anton Jurica Bo\u017e\u00ed Dar 176, 362 62 Bo\u017e\u00ed Dar ID: 11364343<\/p>\n","protected":false},"author":1,"featured_media":0,"parent":0,"menu_order":0,"comment_status":"closed","ping_status":"closed","template":"","meta":{"site-sidebar-layout":"no-sidebar","site-content-layout":"","ast-site-content-layout":"full-width-container","site-content-style":"default","site-sidebar-style":"default","ast-global-header-display":"","ast-banner-title-visibility":"","ast-main-header-display":"","ast-hfb-above-header-display":"","ast-hfb-below-header-display":"","ast-hfb-mobile-header-display":"","site-post-title":"disabled","ast-breadcrumbs-content":"","ast-featured-img":"disabled","footer-sml-layout":"","ast-disable-related-posts":"","theme-transparent-header-meta":"","adv-header-id-meta":"","stick-header-meta":"","header-above-stick-meta":"","header-main-stick-meta":"","header-below-stick-meta":"","astra-migrate-meta-layouts":"default","ast-page-background-enabled":"default","ast-page-background-meta":{"desktop":{"background-color":"var(--ast-global-color-4)","background-image":"","background-repeat":"repeat","background-position":"center center","background-size":"auto","background-attachment":"scroll","background-type":"","background-media":"","overlay-type":"","overlay-color":"","overlay-opacity":"","overlay-gradient":""},"tablet":{"background-color":"","background-image":"","background-repeat":"repeat","background-position":"center center","background-size":"auto","background-attachment":"scroll","background-type":"","background-media":"","overlay-type":"","overlay-color":"","overlay-opacity":"","overlay-gradient":""},"mobile":{"background-color":"","background-image":"","background-repeat":"repeat","background-position":"center center","background-size":"auto","background-attachment":"scroll","background-type":"","background-media":"","overlay-type":"","overlay-color":"","overlay-opacity":"","overlay-gradient":""}},"ast-content-background-meta":{"desktop":{"background-color":"var(--ast-global-color-5)","background-image":"","background-repeat":"repeat","background-position":"center center","background-size":"auto","background-attachment":"scroll","background-type":"","background-media":"","overlay-type":"","overlay-color":"","overlay-opacity":"","overlay-gradient":""},"tablet":{"background-color":"var(--ast-global-color-5)","background-image":"","background-repeat":"repeat","background-position":"center center","background-size":"auto","background-attachment":"scroll","background-type":"","background-media":"","overlay-type":"","overlay-color":"","overlay-opacity":"","overlay-gradient":""},"mobile":{"background-color":"var(--ast-global-color-5)","background-image":"","background-repeat":"repeat","background-position":"center center","background-size":"auto","background-attachment":"scroll","background-type":"","background-media":"","overlay-type":"","overlay-color":"","overlay-opacity":"","overlay-gradient":""}},"footnotes":""},"class_list":["post-1343","page","type-page","status-publish","hentry"],"_links":{"self":[{"href":"https:\/\/skiarealhranice.cz\/de\/wp-json\/wp\/v2\/pages\/1343","targetHints":{"allow":["GET"]}}],"collection":[{"href":"https:\/\/skiarealhranice.cz\/de\/wp-json\/wp\/v2\/pages"}],"about":[{"href":"https:\/\/skiarealhranice.cz\/de\/wp-json\/wp\/v2\/types\/page"}],"author":[{"embeddable":true,"href":"https:\/\/skiarealhranice.cz\/de\/wp-json\/wp\/v2\/users\/1"}],"replies":[{"embeddable":true,"href":"https:\/\/skiarealhranice.cz\/de\/wp-json\/wp\/v2\/comments?post=1343"}],"version-history":[{"count":3,"href":"https:\/\/skiarealhranice.cz\/de\/wp-json\/wp\/v2\/pages\/1343\/revisions"}],"predecessor-version":[{"id":1840,"href":"https:\/\/skiarealhranice.cz\/de\/wp-json\/wp\/v2\/pages\/1343\/revisions\/1840"}],"wp:attachment":[{"href":"https:\/\/skiarealhranice.cz\/de\/wp-json\/wp\/v2\/media?parent=1343"}],"curies":[{"name":"wp","href":"https:\/\/api.w.org\/{rel}","templated":true}]}}