{"id":1303,"date":"2023-10-25T11:44:58","date_gmt":"2023-10-25T11:44:58","guid":{"rendered":"https:\/\/skiarealhranice.cz\/startseite\/"},"modified":"2026-03-16T11:08:54","modified_gmt":"2026-03-16T11:08:54","slug":"startseite","status":"publish","type":"page","link":"https:\/\/skiarealhranice.cz\/de","title":{"rendered":"Startseite"},"content":{"rendered":"\t\t<div data-elementor-type=\"wp-page\" data-elementor-id=\"1303\" class=\"elementor elementor-1303 elementor-6\">\n\t\t\t\t<div class=\"elementor-element elementor-element-301ff2a e-flex e-con-boxed e-con e-parent\" data-id=\"301ff2a\" data-element_type=\"container\" data-settings=\"{&quot;background_background&quot;:&quot;classic&quot;}\">\n\t\t\t\t\t<div class=\"e-con-inner\">\n\t\t\t\t\t<\/div>\n\t\t\t\t<\/div>\n\t\t<div class=\"elementor-element elementor-element-20a98fc e-flex e-con-boxed e-con e-parent\" data-id=\"20a98fc\" data-element_type=\"container\" data-settings=\"{&quot;background_background&quot;:&quot;classic&quot;}\">\n\t\t\t\t\t<div class=\"e-con-inner\">\n\t\t\t\t<div class=\"elementor-element elementor-element-a878210 elementor-widget elementor-widget-text-editor\" data-id=\"a878210\" data-element_type=\"widget\" data-widget_type=\"text-editor.default\">\n\t\t\t\t<div class=\"elementor-widget-container\">\n\t\t\t\t\t\t\t\t\t<p>SKIAREAL AUSSER BETRIEB! Ich danke Ihnen allen f\u00fcr diese Saison. SIE SIND GOTT.  <\/p>\t\t\t\t\t\t\t\t<\/div>\n\t\t\t\t<\/div>\n\t\t\t\t\t<\/div>\n\t\t\t\t<\/div>\n\t\t<div class=\"elementor-element elementor-element-a82c64d e-con-full e-flex e-con e-parent\" data-id=\"a82c64d\" data-element_type=\"container\">\n\t\t<a class=\"elementor-element elementor-element-e083942 e-con-full e-flex e-con e-child\" data-id=\"e083942\" data-element_type=\"container\" data-settings=\"{&quot;background_background&quot;:&quot;classic&quot;}\" href=\"https:\/\/skiarealhranice.cz\/de\/grenzen\">\n\t\t\t\t<div class=\"elementor-element elementor-element-afc6397 elementor-widget elementor-widget-image\" data-id=\"afc6397\" data-element_type=\"widget\" data-widget_type=\"image.default\">\n\t\t\t\t<div class=\"elementor-widget-container\">\n\t\t\t\t\t\t\t\t\t\t\t\t\t\t\t<img fetchpriority=\"high\" decoding=\"async\" width=\"326\" height=\"160\" src=\"https:\/\/storage-prg1.zerops.io\/4gddx-storage\/skiareal\/uploads\/2023\/12\/hranice-vlocka.png\" class=\"attachment-full size-full wp-image-1277\" alt=\"\" srcset=\"https:\/\/storage-prg1.zerops.io\/4gddx-storage\/skiareal\/uploads\/2023\/12\/hranice-vlocka.png 326w, https:\/\/storage-prg1.zerops.io\/4gddx-storage\/skiareal\/uploads\/2023\/12\/hranice-vlocka-300x147.png 300w\" sizes=\"(max-width: 326px) 100vw, 326px\" \/>\t\t\t\t\t\t\t\t\t\t\t\t\t\t\t<\/div>\n\t\t\t\t<\/div>\n\t\t\t\t<\/a>\n\t\t<a class=\"elementor-element elementor-element-e4d0367 e-con-full e-flex e-con e-child\" data-id=\"e4d0367\" data-element_type=\"container\" data-settings=\"{&quot;background_background&quot;:&quot;classic&quot;}\" href=\"https:\/\/skiarealhranice.cz\/de\/snowpark\">\n\t\t\t\t<div class=\"elementor-element elementor-element-3549063 elementor-widget elementor-widget-image\" data-id=\"3549063\" data-element_type=\"widget\" data-widget_type=\"image.default\">\n\t\t\t\t<div class=\"elementor-widget-container\">\n\t\t\t\t\t\t\t\t\t\t\t\t\t\t\t<img decoding=\"async\" src=\"https:\/\/storage-prg1.zerops.io\/4gddx-storage\/skiareal\/uploads\/2024\/01\/Datovy-zdroj-3-2.svg\" class=\"attachment-full size-full wp-image-1670\" alt=\"\" \/>\t\t\t\t\t\t\t\t\t\t\t\t\t\t\t<\/div>\n\t\t\t\t<\/div>\n\t\t\t\t<\/a>\n\t\t\t\t<\/div>\n\t\t<div class=\"elementor-element elementor-element-a5e776b e-flex e-con-boxed e-con e-parent\" data-id=\"a5e776b\" data-element_type=\"container\">\n\t\t\t\t\t<div class=\"e-con-inner\">\n\t\t<div class=\"elementor-element elementor-element-a1f9b6c e-con-full e-flex e-con e-child\" data-id=\"a1f9b6c\" data-element_type=\"container\">\n\t\t<div class=\"elementor-element elementor-element-bc35838 e-con-full e-flex e-con e-child\" data-id=\"bc35838\" data-element_type=\"container\">\n\t\t\t\t<div class=\"elementor-element elementor-element-542a317 elementor-widget elementor-widget-text-editor\" data-id=\"542a317\" data-element_type=\"widget\" data-widget_type=\"text-editor.default\">\n\t\t\t\t<div class=\"elementor-widget-container\">\n\t\t\t\t\t\t\t\t\t<iframe src=\"\/sjezdovky.php\" height=\"173px\" scrolling=\"no\">\n<\/iframe>\t\t\t\t\t\t\t\t<\/div>\n\t\t\t\t<\/div>\n\t\t<div class=\"elementor-element elementor-element-86944ac e-flex e-con-boxed e-con e-child\" data-id=\"86944ac\" data-element_type=\"container\">\n\t\t\t\t\t<div class=\"e-con-inner\">\n\t\t\t\t<div class=\"elementor-element elementor-element-45f651c elementor-view-default elementor-widget elementor-widget-icon\" data-id=\"45f651c\" data-element_type=\"widget\" data-widget_type=\"icon.default\">\n\t\t\t\t<div class=\"elementor-widget-container\">\n\t\t\t\t\t\t\t<div class=\"elementor-icon-wrapper\">\n\t\t\t<div class=\"elementor-icon\">\n\t\t\t<svg xmlns=\"http:\/\/www.w3.org\/2000\/svg\" id=\"Vrstva_2\" data-name=\"Vrstva 2\" viewBox=\"0 0 25.23 22.79\"><defs><style>      .cls-1 {        fill: #234b46;      }      .cls-1, .cls-2, .cls-3 {        stroke-width: 0px;      }      .cls-2 {        fill: #babaff;      }      .cls-3 {        fill: #8491b5;      }    <\/style><\/defs><g id=\"Vrstva_1-2\" data-name=\"Vrstva 1\"><g><path class=\"cls-2\" d=\"m4.56,22.79c-1.17,0-2.33-.44-3.22-1.33-1.78-1.78-1.78-4.66,0-6.44L15.01,1.33c1.78-1.78,4.66-1.78,6.44,0,1.78,1.78,1.78,4.66,0,6.44l-13.68,13.68c-.89.89-2.06,1.33-3.22,1.33Z\"><\/path><path class=\"cls-1\" d=\"m20.67,13.68h-2.57v-6.28h-9.15v15.39h11.71c2.52,0,4.56-2.04,4.56-4.56,0-2.52-2.04-4.56-4.56-4.56Z\"><\/path><polygon class=\"cls-3\" points=\"8.96 20.27 18.11 11.13 18.11 7.4 8.96 7.4 8.96 20.27\"><\/polygon><\/g><\/g><\/svg>\t\t\t<\/div>\n\t\t<\/div>\n\t\t\t\t\t\t<\/div>\n\t\t\t\t<\/div>\n\t\t\t\t<div class=\"elementor-element elementor-element-cf84241 elementor-widget elementor-widget-heading\" data-id=\"cf84241\" data-element_type=\"widget\" data-widget_type=\"heading.default\">\n\t\t\t\t<div class=\"elementor-widget-container\">\n\t\t\t\t\t<h3 class=\"elementor-heading-title elementor-size-default\">Snowpark<\/h3>\t\t\t\t<\/div>\n\t\t\t\t<\/div>\n\t\t\t\t<div class=\"elementor-element elementor-element-86e5221 elementor-view-default elementor-widget elementor-widget-icon\" data-id=\"86e5221\" data-element_type=\"widget\" data-widget_type=\"icon.default\">\n\t\t\t\t<div class=\"elementor-widget-container\">\n\t\t\t\t\t\t\t<div class=\"elementor-icon-wrapper\">\n\t\t\t<div class=\"elementor-icon\">\n\t\t\t<svg xmlns=\"http:\/\/www.w3.org\/2000\/svg\" id=\"Vrstva_2\" data-name=\"Vrstva 2\" viewBox=\"0 0 24.03 24.03\"><defs><style>      .cls-1-red {        fill: #e30a13;        opacity: .8;        stroke-width: 0px;      }    <\/style><\/defs><g id=\"Vrstva_1-2\" data-name=\"Vrstva 1\"><g><rect class=\"cls-1-red\" x=\".28\" y=\"6.76\" width=\"23.48\" height=\"10.51\" transform=\"translate(-4.98 12.01) rotate(-45)\"><\/rect><rect class=\"cls-1-red\" x=\".28\" y=\"6.76\" width=\"23.48\" height=\"10.51\" transform=\"translate(12.01 -4.98) rotate(45)\"><\/rect><\/g><\/g><\/svg>\t\t\t<\/div>\n\t\t<\/div>\n\t\t\t\t\t\t<\/div>\n\t\t\t\t<\/div>\n\t\t\t\t\t<\/div>\n\t\t\t\t<\/div>\n\t\t\t\t<\/div>\n\t\t<div class=\"elementor-element elementor-element-52d5914 e-con-full e-flex e-con e-child\" data-id=\"52d5914\" data-element_type=\"container\">\n\t\t<div class=\"elementor-element elementor-element-db11f3d e-flex e-con-boxed e-con e-child\" data-id=\"db11f3d\" data-element_type=\"container\">\n\t\t\t\t\t<div class=\"e-con-inner\">\n\t\t\t\t<div class=\"elementor-element elementor-element-87b1f0b elementor-view-default elementor-widget elementor-widget-icon\" data-id=\"87b1f0b\" data-element_type=\"widget\" data-widget_type=\"icon.default\">\n\t\t\t\t<div class=\"elementor-widget-container\">\n\t\t\t\t\t\t\t<div class=\"elementor-icon-wrapper\">\n\t\t\t<div class=\"elementor-icon\">\n\t\t\t<svg xmlns=\"http:\/\/www.w3.org\/2000\/svg\" id=\"Vrstva_2\" data-name=\"Vrstva 2\" viewBox=\"0 0 22.79 22.79\"><defs><style>      .cls-1 {        fill: #234b46;      }      .cls-1, .cls-2, .cls-3 {        stroke-width: 0px;      }      .cls-2 {        fill: #babaff;      }      .cls-3 {        fill: #8491b5;      }    <\/style><\/defs><g id=\"Vrstva_1-2\" data-name=\"Vrstva 1\"><g><path class=\"cls-2\" d=\"m4.56,22.79c-1.17,0-2.33-.44-3.22-1.33-1.78-1.78-1.78-4.66,0-6.44L15.01,1.33c1.78-1.78,4.66-1.78,6.44,0,1.78,1.78,1.78,4.66,0,6.44l-13.68,13.68c-.89.89-2.06,1.33-3.22,1.33Z\"><\/path><path class=\"cls-1\" d=\"m10.62,0c-.69,1.67-2.34,2.85-4.27,2.85S2.78,1.67,2.09,0h-1.02v15.3h10.57V0h-1.02Z\"><\/path><path class=\"cls-3\" d=\"m1.1,15.3h10.54V4.71L1.33,15.01c-.09.09-.15.19-.23.28Z\"><\/path><\/g><\/g><\/svg>\t\t\t<\/div>\n\t\t<\/div>\n\t\t\t\t\t\t<\/div>\n\t\t\t\t<\/div>\n\t\t\t\t<div class=\"elementor-element elementor-element-7a24ce4 elementor-widget elementor-widget-heading\" data-id=\"7a24ce4\" data-element_type=\"widget\" data-widget_type=\"heading.default\">\n\t\t\t\t<div class=\"elementor-widget-container\">\n\t\t\t\t\t<h3 class=\"elementor-heading-title elementor-size-default\">Ski-\/Snb-Schule<\/h3>\t\t\t\t<\/div>\n\t\t\t\t<\/div>\n\t\t\t\t<div class=\"elementor-element elementor-element-5b7ec14 elementor-view-default elementor-widget elementor-widget-icon\" data-id=\"5b7ec14\" data-element_type=\"widget\" data-widget_type=\"icon.default\">\n\t\t\t\t<div class=\"elementor-widget-container\">\n\t\t\t\t\t\t\t<div class=\"elementor-icon-wrapper\">\n\t\t\t<div class=\"elementor-icon\">\n\t\t\t<svg xmlns=\"http:\/\/www.w3.org\/2000\/svg\" id=\"Vrstva_2\" data-name=\"Vrstva 2\" viewBox=\"0 0 28.95 24.03\"><defs><style>      .cls-1-5 {        fill: #90facb;        opacity: .8;        stroke-width: 0px;      }    <\/style><\/defs><g id=\"Vrstva_1-2\" data-name=\"Vrstva 1\"><g><rect class=\"cls-1-5\" x=\"5.2\" y=\"6.76\" width=\"23.48\" height=\"10.51\" transform=\"translate(-3.53 15.5) rotate(-45)\"><\/rect><rect class=\"cls-1-5\" x=\"1.16\" y=\"8.89\" width=\"17.47\" height=\"10.51\" transform=\"translate(12.89 -2.85) rotate(45)\"><\/rect><\/g><\/g><\/svg>\t\t\t<\/div>\n\t\t<\/div>\n\t\t\t\t\t\t<\/div>\n\t\t\t\t<\/div>\n\t\t\t\t\t<\/div>\n\t\t\t\t<\/div>\n\t\t<div class=\"elementor-element elementor-element-90d976b e-flex e-con-boxed e-con e-child\" data-id=\"90d976b\" data-element_type=\"container\">\n\t\t\t\t\t<div class=\"e-con-inner\">\n\t\t\t\t<div class=\"elementor-element elementor-element-9e01a93 elementor-view-default elementor-widget elementor-widget-icon\" data-id=\"9e01a93\" data-element_type=\"widget\" data-widget_type=\"icon.default\">\n\t\t\t\t<div class=\"elementor-widget-container\">\n\t\t\t\t\t\t\t<div class=\"elementor-icon-wrapper\">\n\t\t\t<div class=\"elementor-icon\">\n\t\t\t<svg xmlns=\"http:\/\/www.w3.org\/2000\/svg\" id=\"Vrstva_2\" data-name=\"Vrstva 2\" viewBox=\"0 0 25.23 22.79\"><defs><style>      .cls-1 {        fill: #234b46;      }      .cls-1, .cls-2, .cls-3 {        stroke-width: 0px;      }      .cls-2 {        fill: #babaff;      }      .cls-3 {        fill: #8491b5;      }    <\/style><\/defs><g id=\"Vrstva_1-2\" data-name=\"Vrstva 1\"><g><path class=\"cls-2\" d=\"m4.56,22.79c-1.17,0-2.33-.44-3.22-1.33-1.78-1.78-1.78-4.66,0-6.44L15.01,1.33c1.78-1.78,4.66-1.78,6.44,0,1.78,1.78,1.78,4.66,0,6.44l-13.68,13.68c-.89.89-2.06,1.33-3.22,1.33Z\"><\/path><path class=\"cls-1\" d=\"m20.67,13.68h-2.57v-6.28h-9.15v15.39h11.71c2.52,0,4.56-2.04,4.56-4.56,0-2.52-2.04-4.56-4.56-4.56Z\"><\/path><polygon class=\"cls-3\" points=\"8.96 20.27 18.11 11.13 18.11 7.4 8.96 7.4 8.96 20.27\"><\/polygon><\/g><\/g><\/svg>\t\t\t<\/div>\n\t\t<\/div>\n\t\t\t\t\t\t<\/div>\n\t\t\t\t<\/div>\n\t\t\t\t<div class=\"elementor-element elementor-element-0c93900 elementor-widget elementor-widget-heading\" data-id=\"0c93900\" data-element_type=\"widget\" data-widget_type=\"heading.default\">\n\t\t\t\t<div class=\"elementor-widget-container\">\n\t\t\t\t\t<h3 class=\"elementor-heading-title elementor-size-default\">Vermietung<\/h3>\t\t\t\t<\/div>\n\t\t\t\t<\/div>\n\t\t\t\t<div class=\"elementor-element elementor-element-fe9902d elementor-view-default elementor-widget elementor-widget-icon\" data-id=\"fe9902d\" data-element_type=\"widget\" data-widget_type=\"icon.default\">\n\t\t\t\t<div class=\"elementor-widget-container\">\n\t\t\t\t\t\t\t<div class=\"elementor-icon-wrapper\">\n\t\t\t<div class=\"elementor-icon\">\n\t\t\t<svg xmlns=\"http:\/\/www.w3.org\/2000\/svg\" id=\"Vrstva_2\" data-name=\"Vrstva 2\" viewBox=\"0 0 28.95 24.03\"><defs><style>      .cls-1-5 {        fill: #90facb;        opacity: .8;        stroke-width: 0px;      }    <\/style><\/defs><g id=\"Vrstva_1-2\" data-name=\"Vrstva 1\"><g><rect class=\"cls-1-5\" x=\"5.2\" y=\"6.76\" width=\"23.48\" height=\"10.51\" transform=\"translate(-3.53 15.5) rotate(-45)\"><\/rect><rect class=\"cls-1-5\" x=\"1.16\" y=\"8.89\" width=\"17.47\" height=\"10.51\" transform=\"translate(12.89 -2.85) rotate(45)\"><\/rect><\/g><\/g><\/svg>\t\t\t<\/div>\n\t\t<\/div>\n\t\t\t\t\t\t<\/div>\n\t\t\t\t<\/div>\n\t\t\t\t\t<\/div>\n\t\t\t\t<\/div>\n\t\t<div class=\"elementor-element elementor-element-ce05557 e-flex e-con-boxed e-con e-child\" data-id=\"ce05557\" data-element_type=\"container\">\n\t\t\t\t\t<div class=\"e-con-inner\">\n\t\t\t\t<div class=\"elementor-element elementor-element-4e5c822 elementor-view-default elementor-widget elementor-widget-icon\" data-id=\"4e5c822\" data-element_type=\"widget\" data-widget_type=\"icon.default\">\n\t\t\t\t<div class=\"elementor-widget-container\">\n\t\t\t\t\t\t\t<div class=\"elementor-icon-wrapper\">\n\t\t\t<div class=\"elementor-icon\">\n\t\t\t<svg xmlns=\"http:\/\/www.w3.org\/2000\/svg\" id=\"Vrstva_2\" data-name=\"Vrstva 2\" viewBox=\"0 0 23.83 21.67\"><defs><style>      .cls-1 {        fill: #234b46;      }      .cls-1, .cls-2, .cls-3 {        stroke-width: 0px;      }      .cls-2 {        fill: #babaff;      }      .cls-3 {        fill: #8491b5;      }    <\/style><\/defs><g id=\"Vrstva_1-2\" data-name=\"Vrstva 1\"><g><path class=\"cls-2\" d=\"m0,7.65v2.11c0,6.58,5.33,11.91,11.91,11.91s11.91-5.33,11.91-11.91v-2.11H0Z\"><\/path><g><path class=\"cls-1\" d=\"m11.05,12.15c0-3.37,1.92-5.14,3.33-6.43,1.31-1.21,1.94-1.85,1.94-3.27h4.3c0,3.37-1.92,5.14-3.33,6.44-1.31,1.21-1.94,1.85-1.94,3.27h-4.3Z\"><\/path><path class=\"cls-1\" d=\"m3.21,9.71c0-3.37,1.92-5.14,3.33-6.43,1.31-1.21,1.94-1.85,1.94-3.27h4.3c0,3.37-1.92,5.14-3.33,6.44-1.31,1.21-1.94,1.85-1.94,3.27H3.21Z\"><\/path><\/g><g><path class=\"cls-3\" d=\"m15.33,12.16c0-1.42.63-2.07,1.94-3.27.39-.36.82-.77,1.24-1.23h-5.98c-.83,1.1-1.5,2.52-1.5,4.5h4.3Z\"><\/path><path class=\"cls-3\" d=\"m15.33,12.16c0-1.42.63-2.07,1.94-3.27.39-.36.82-.77,1.24-1.23h-5.98c-.83,1.1-1.5,2.52-1.5,4.5h4.3Z\"><\/path><path class=\"cls-3\" d=\"m7.49,9.71c0-.88.24-1.46.73-2.06H3.47c-.17.62-.28,1.29-.28,2.06h4.3Z\"><\/path><path class=\"cls-3\" d=\"m7.49,9.71c0-.88.24-1.46.73-2.06H3.47c-.17.62-.28,1.29-.28,2.06h4.3Z\"><\/path><\/g><\/g><\/g><\/svg>\t\t\t<\/div>\n\t\t<\/div>\n\t\t\t\t\t\t<\/div>\n\t\t\t\t<\/div>\n\t\t\t\t<div class=\"elementor-element elementor-element-3189616 elementor-widget elementor-widget-heading\" data-id=\"3189616\" data-element_type=\"widget\" data-widget_type=\"heading.default\">\n\t\t\t\t<div class=\"elementor-widget-container\">\n\t\t\t\t\t<h3 class=\"elementor-heading-title elementor-size-default\">Restaurant<\/h3>\t\t\t\t<\/div>\n\t\t\t\t<\/div>\n\t\t\t\t<div class=\"elementor-element elementor-element-31e0dfe elementor-view-default elementor-widget elementor-widget-icon\" data-id=\"31e0dfe\" data-element_type=\"widget\" data-widget_type=\"icon.default\">\n\t\t\t\t<div class=\"elementor-widget-container\">\n\t\t\t\t\t\t\t<div class=\"elementor-icon-wrapper\">\n\t\t\t<div class=\"elementor-icon\">\n\t\t\t<svg xmlns=\"http:\/\/www.w3.org\/2000\/svg\" id=\"Vrstva_2\" data-name=\"Vrstva 2\" viewBox=\"0 0 28.95 24.03\"><defs><style>      .cls-1-5 {        fill: #90facb;        opacity: .8;        stroke-width: 0px;      }    <\/style><\/defs><g id=\"Vrstva_1-2\" data-name=\"Vrstva 1\"><g><rect class=\"cls-1-5\" x=\"5.2\" y=\"6.76\" width=\"23.48\" height=\"10.51\" transform=\"translate(-3.53 15.5) rotate(-45)\"><\/rect><rect class=\"cls-1-5\" x=\"1.16\" y=\"8.89\" width=\"17.47\" height=\"10.51\" transform=\"translate(12.89 -2.85) rotate(45)\"><\/rect><\/g><\/g><\/svg>\t\t\t<\/div>\n\t\t<\/div>\n\t\t\t\t\t\t<\/div>\n\t\t\t\t<\/div>\n\t\t\t\t\t<\/div>\n\t\t\t\t<\/div>\n\t\t<div class=\"elementor-element elementor-element-8eb9983 e-flex e-con-boxed e-con e-child\" data-id=\"8eb9983\" data-element_type=\"container\">\n\t\t\t\t\t<div class=\"e-con-inner\">\n\t\t\t\t<div class=\"elementor-element elementor-element-164009e elementor-view-default elementor-widget elementor-widget-icon\" data-id=\"164009e\" data-element_type=\"widget\" data-widget_type=\"icon.default\">\n\t\t\t\t<div class=\"elementor-widget-container\">\n\t\t\t\t\t\t\t<div class=\"elementor-icon-wrapper\">\n\t\t\t<div class=\"elementor-icon\">\n\t\t\t<svg xmlns=\"http:\/\/www.w3.org\/2000\/svg\" id=\"Vrstva_2\" data-name=\"Vrstva 2\" viewBox=\"0 0 24.18 19.83\"><defs><style>      .cls-1 {        fill: #234b46;      }      .cls-1, .cls-2, .cls-3 {        stroke-width: 0px;      }      .cls-2 {        fill: #babaff;      }      .cls-3 {        fill: #8491b5;      }    <\/style><\/defs><g id=\"Vrstva_1-2\" data-name=\"Vrstva 1\"><g><path class=\"cls-2\" d=\"m19.56,4.62c-1.54,0-2.9.76-3.73,1.92-.84,1.15-2.2,1.88-3.73,1.88s-2.89-.73-3.73-1.88c-.84-1.16-2.19-1.92-3.73-1.92C2.07,4.62,0,6.69,0,9.24v10.59h24.18v-10.59c0-2.55-2.07-4.62-4.62-4.62Z\"><\/path><circle class=\"cls-1\" cx=\"6.62\" cy=\"4.62\" r=\"4.62\"><\/circle><path class=\"cls-3\" d=\"m8.34,6.54c-.84-1.16-2.19-1.92-3.73-1.92-.94,0-1.81.28-2.54.77.37,2.19,2.25,3.85,4.54,3.85,1.28,0,2.44-.52,3.28-1.37-.61-.32-1.14-.78-1.55-1.33Z\"><\/path><\/g><\/g><\/svg>\t\t\t<\/div>\n\t\t<\/div>\n\t\t\t\t\t\t<\/div>\n\t\t\t\t<\/div>\n\t\t\t\t<div class=\"elementor-element elementor-element-2e435b6 elementor-widget elementor-widget-heading\" data-id=\"2e435b6\" data-element_type=\"widget\" data-widget_type=\"heading.default\">\n\t\t\t\t<div class=\"elementor-widget-container\">\n\t\t\t\t\t<h3 class=\"elementor-heading-title elementor-size-default\">Lustige Linie<\/h3>\t\t\t\t<\/div>\n\t\t\t\t<\/div>\n\t\t\t\t<div class=\"elementor-element elementor-element-650e511 elementor-view-default elementor-widget elementor-widget-icon\" data-id=\"650e511\" data-element_type=\"widget\" data-widget_type=\"icon.default\">\n\t\t\t\t<div class=\"elementor-widget-container\">\n\t\t\t\t\t\t\t<div class=\"elementor-icon-wrapper\">\n\t\t\t<div class=\"elementor-icon\">\n\t\t\t<svg xmlns=\"http:\/\/www.w3.org\/2000\/svg\" id=\"Vrstva_2\" data-name=\"Vrstva 2\" viewBox=\"0 0 24.03 24.03\"><defs><style>      .cls-1-red {        fill: #e30a13;        opacity: .8;        stroke-width: 0px;      }    <\/style><\/defs><g id=\"Vrstva_1-2\" data-name=\"Vrstva 1\"><g><rect class=\"cls-1-red\" x=\".28\" y=\"6.76\" width=\"23.48\" height=\"10.51\" transform=\"translate(-4.98 12.01) rotate(-45)\"><\/rect><rect class=\"cls-1-red\" x=\".28\" y=\"6.76\" width=\"23.48\" height=\"10.51\" transform=\"translate(12.01 -4.98) rotate(45)\"><\/rect><\/g><\/g><\/svg>\t\t\t<\/div>\n\t\t<\/div>\n\t\t\t\t\t\t<\/div>\n\t\t\t\t<\/div>\n\t\t\t\t\t<\/div>\n\t\t\t\t<\/div>\n\t\t\t\t<\/div>\n\t\t\t\t<\/div>\n\t\t\t\t\t<\/div>\n\t\t\t\t<\/div>\n\t\t<div class=\"elementor-element elementor-element-8b4856b e-con-full e-flex e-con e-parent\" data-id=\"8b4856b\" data-element_type=\"container\">\n\t\t\t\t<div class=\"elementor-element elementor-element-1722d17 elementor-widget elementor-widget-image\" data-id=\"1722d17\" data-element_type=\"widget\" data-widget_type=\"image.default\">\n\t\t\t\t<div class=\"elementor-widget-container\">\n\t\t\t\t\t\t\t\t\t\t\t\t\t\t\t<img decoding=\"async\" width=\"1500\" height=\"1184\" src=\"https:\/\/storage-prg1.zerops.io\/4gddx-storage\/skiareal\/uploads\/2025\/02\/mapa-new.webp\" class=\"attachment-full size-full wp-image-2162\" alt=\"\" srcset=\"https:\/\/storage-prg1.zerops.io\/4gddx-storage\/skiareal\/uploads\/2025\/02\/mapa-new.webp 1500w, https:\/\/storage-prg1.zerops.io\/4gddx-storage\/skiareal\/uploads\/2025\/02\/mapa-new-300x237.webp 300w, https:\/\/storage-prg1.zerops.io\/4gddx-storage\/skiareal\/uploads\/2025\/02\/mapa-new-1024x808.webp 1024w, https:\/\/storage-prg1.zerops.io\/4gddx-storage\/skiareal\/uploads\/2025\/02\/mapa-new-768x606.webp 768w\" sizes=\"(max-width: 1500px) 100vw, 1500px\" \/>\t\t\t\t\t\t\t\t\t\t\t\t\t\t\t<\/div>\n\t\t\t\t<\/div>\n\t\t\t\t<\/div>\n\t\t<div class=\"elementor-element elementor-element-cef1af7 e-con-full e-flex e-con e-parent\" data-id=\"cef1af7\" data-element_type=\"container\">\n\t\t\t\t<div class=\"elementor-element elementor-element-643f6ab elementor-widget elementor-widget-google_maps\" data-id=\"643f6ab\" data-element_type=\"widget\" data-widget_type=\"google_maps.default\">\n\t\t\t\t<div class=\"elementor-widget-container\">\n\t\t\t\t\t\t\t<div class=\"elementor-custom-embed\">\n\t\t\t<iframe loading=\"lazy\"\n\t\t\t\t\tsrc=\"https:\/\/maps.google.com\/maps?q=Skiare%C3%A1l%20bo%C5%BE%C3%AD%20dar&#038;t=m&#038;z=14&#038;output=embed&#038;iwloc=near\"\n\t\t\t\t\ttitle=\"Skiare\u00e1l bo\u017e\u00ed dar\"\n\t\t\t\t\taria-label=\"Skiare\u00e1l bo\u017e\u00ed dar\"\n\t\t\t><\/iframe>\n\t\t<\/div>\n\t\t\t\t\t\t<\/div>\n\t\t\t\t<\/div>\n\t\t\t\t<\/div>\n\t\t\t\t<\/div>\n\t\t","protected":false},"excerpt":{"rendered":"<p>SKIAREAL AUSSER BETRIEB! Ich danke Ihnen allen f\u00fcr diese Saison. SIE SIND GOTT. Snowpark Ski-\/Snb-Schule Vermietung Restaurant Lustige Linie<\/p>\n","protected":false},"author":1,"featured_media":0,"parent":0,"menu_order":0,"comment_status":"closed","ping_status":"closed","template":"","meta":{"site-sidebar-layout":"no-sidebar","site-content-layout":"","ast-site-content-layout":"full-width-container","site-content-style":"default","site-sidebar-style":"default","ast-global-header-display":"","ast-banner-title-visibility":"","ast-main-header-display":"","ast-hfb-above-header-display":"","ast-hfb-below-header-display":"","ast-hfb-mobile-header-display":"","site-post-title":"disabled","ast-breadcrumbs-content":"","ast-featured-img":"disabled","footer-sml-layout":"","ast-disable-related-posts":"","theme-transparent-header-meta":"enabled","adv-header-id-meta":"","stick-header-meta":"","header-above-stick-meta":"","header-main-stick-meta":"","header-below-stick-meta":"","astra-migrate-meta-layouts":"","ast-page-background-enabled":"default","ast-page-background-meta":{"desktop":{"background-color":"var(--ast-global-color-4)","background-image":"","background-repeat":"repeat","background-position":"center center","background-size":"auto","background-attachment":"scroll","background-type":"","background-media":"","overlay-type":"","overlay-color":"","overlay-opacity":"","overlay-gradient":""},"tablet":{"background-color":"","background-image":"","background-repeat":"repeat","background-position":"center center","background-size":"auto","background-attachment":"scroll","background-type":"","background-media":"","overlay-type":"","overlay-color":"","overlay-opacity":"","overlay-gradient":""},"mobile":{"background-color":"","background-image":"","background-repeat":"repeat","background-position":"center center","background-size":"auto","background-attachment":"scroll","background-type":"","background-media":"","overlay-type":"","overlay-color":"","overlay-opacity":"","overlay-gradient":""}},"ast-content-background-meta":{"desktop":{"background-color":"var(--ast-global-color-5)","background-image":"","background-repeat":"repeat","background-position":"center center","background-size":"auto","background-attachment":"scroll","background-type":"","background-media":"","overlay-type":"","overlay-color":"","overlay-opacity":"","overlay-gradient":""},"tablet":{"background-color":"var(--ast-global-color-5)","background-image":"","background-repeat":"repeat","background-position":"center center","background-size":"auto","background-attachment":"scroll","background-type":"","background-media":"","overlay-type":"","overlay-color":"","overlay-opacity":"","overlay-gradient":""},"mobile":{"background-color":"var(--ast-global-color-5)","background-image":"","background-repeat":"repeat","background-position":"center center","background-size":"auto","background-attachment":"scroll","background-type":"","background-media":"","overlay-type":"","overlay-color":"","overlay-opacity":"","overlay-gradient":""}},"footnotes":""},"class_list":["post-1303","page","type-page","status-publish","hentry"],"_links":{"self":[{"href":"https:\/\/skiarealhranice.cz\/de\/wp-json\/wp\/v2\/pages\/1303","targetHints":{"allow":["GET"]}}],"collection":[{"href":"https:\/\/skiarealhranice.cz\/de\/wp-json\/wp\/v2\/pages"}],"about":[{"href":"https:\/\/skiarealhranice.cz\/de\/wp-json\/wp\/v2\/types\/page"}],"author":[{"embeddable":true,"href":"https:\/\/skiarealhranice.cz\/de\/wp-json\/wp\/v2\/users\/1"}],"replies":[{"embeddable":true,"href":"https:\/\/skiarealhranice.cz\/de\/wp-json\/wp\/v2\/comments?post=1303"}],"version-history":[{"count":20,"href":"https:\/\/skiarealhranice.cz\/de\/wp-json\/wp\/v2\/pages\/1303\/revisions"}],"predecessor-version":[{"id":2355,"href":"https:\/\/skiarealhranice.cz\/de\/wp-json\/wp\/v2\/pages\/1303\/revisions\/2355"}],"wp:attachment":[{"href":"https:\/\/skiarealhranice.cz\/de\/wp-json\/wp\/v2\/media?parent=1303"}],"curies":[{"name":"wp","href":"https:\/\/api.w.org\/{rel}","templated":true}]}}